{"id":450,"date":"2020-07-29T09:29:23","date_gmt":"2020-07-29T09:29:23","guid":{"rendered":"https:\/\/limpiezasbahia.net\/?page_id=450"},"modified":"2020-08-06T16:03:02","modified_gmt":"2020-08-06T16:03:02","slug":"cantabria-limpieza-de-viviendas","status":"publish","type":"page","link":"https:\/\/limpiezasbahia.net\/index.php\/cantabria-limpieza-de-viviendas\/","title":{"rendered":"Limpieza de viviendas en Cantabria"},"content":{"rendered":"\n<p style=\"font-size:23px\" class=\"has-text-align-center\">Realizamos&nbsp;<strong>mantenimiento<\/strong>&nbsp;de su casa, limpieza de su vivienda&nbsp;<strong>antes<\/strong>&nbsp;y&nbsp;<strong>despu\u00e9s<\/strong>&nbsp;de las&nbsp;<strong>vacaciones<\/strong>&nbsp;y limpiezas despu\u00e9s de una&nbsp;<strong>reforma<\/strong>.<\/p>\n\n\n\n<p><\/p>\n\n\n\n<h6 class=\"has-text-align-center wp-block-heading\"><strong>REALIZAMOS LIMPIEZA DE VIVIENDAS EN LAS SIGUIENTES LOCALIDADES O ZONAS DE CANTABRIA<\/strong><\/h6>\n\n\n\n<div style=\"height:100px\" aria-hidden=\"true\" class=\"wp-block-spacer\"><\/div>\n\n\n\n<div class=\"wp-block-columns is-layout-flex wp-container-core-columns-is-layout-9d6595d7 wp-block-columns-is-layout-flex\">\n<div class=\"wp-block-column is-layout-flow wp-block-column-is-layout-flow\">\n<div class=\"wp-block-cover has-cyan-bluish-gray-background-color has-background-dim\" style=\"min-height:110px;aspect-ratio:unset;\"><div class=\"wp-block-cover__inner-container is-layout-flow wp-block-cover-is-layout-flow\">\n<h6 class=\"has-text-align-center wp-block-heading\">Santander<\/h6>\n<\/div><\/div>\n<\/div>\n\n\n\n<div class=\"wp-block-column is-layout-flow wp-block-column-is-layout-flow\">\n<div class=\"wp-block-cover has-cyan-bluish-gray-background-color has-background-dim\" style=\"min-height:110px;aspect-ratio:unset;\"><div class=\"wp-block-cover__inner-container is-layout-flow wp-block-cover-is-layout-flow\">\n<h6 class=\"has-text-align-center wp-block-heading\">Malia\u00f1o<\/h6>\n<\/div><\/div>\n<\/div>\n\n\n\n<div class=\"wp-block-column is-layout-flow wp-block-column-is-layout-flow\">\n<div class=\"wp-block-cover has-cyan-bluish-gray-background-color has-background-dim\" style=\"min-height:110px;aspect-ratio:unset;\"><div class=\"wp-block-cover__inner-container is-layout-flow wp-block-cover-is-layout-flow\">\n<h6 class=\"has-text-align-center wp-block-heading\">Astillero<\/h6>\n<\/div><\/div>\n<\/div>\n<\/div>\n\n\n\n<div class=\"wp-block-columns is-layout-flex wp-container-core-columns-is-layout-9d6595d7 wp-block-columns-is-layout-flex\">\n<div class=\"wp-block-column is-layout-flow wp-block-column-is-layout-flow\">\n<div class=\"wp-block-cover has-cyan-bluish-gray-background-color has-background-dim\" style=\"min-height:110px;aspect-ratio:unset;\"><div class=\"wp-block-cover__inner-container is-layout-flow wp-block-cover-is-layout-flow\">\n<h6 class=\"has-text-align-center wp-block-heading\">Bezana<\/h6>\n<\/div><\/div>\n<\/div>\n\n\n\n<div class=\"wp-block-column is-layout-flow wp-block-column-is-layout-flow\">\n<div class=\"wp-block-cover has-cyan-bluish-gray-background-color has-background-dim\" style=\"min-height:110px;aspect-ratio:unset;\"><div class=\"wp-block-cover__inner-container is-layout-flow wp-block-cover-is-layout-flow\">\n<h6 class=\"has-text-align-center wp-block-heading\">Liencres<\/h6>\n<\/div><\/div>\n\n\n\n<p><\/p>\n<\/div>\n\n\n\n<div class=\"wp-block-column is-layout-flow wp-block-column-is-layout-flow\">\n<div class=\"wp-block-cover has-cyan-bluish-gray-background-color has-background-dim\" style=\"min-height:110px;aspect-ratio:unset;\"><div class=\"wp-block-cover__inner-container is-layout-flow wp-block-cover-is-layout-flow\">\n<h6 class=\"has-text-align-center wp-block-heading\">Miengo<\/h6>\n<\/div><\/div>\n<\/div>\n<\/div>\n\n\n\n<div class=\"wp-block-columns is-layout-flex wp-container-core-columns-is-layout-9d6595d7 wp-block-columns-is-layout-flex\">\n<div class=\"wp-block-column is-layout-flow wp-block-column-is-layout-flow\">\n<div class=\"wp-block-cover has-cyan-bluish-gray-background-color has-background-dim\" style=\"min-height:110px;aspect-ratio:unset;\"><div class=\"wp-block-cover__inner-container is-layout-flow wp-block-cover-is-layout-flow\">\n<h6 class=\"has-text-align-center wp-block-heading\">Torrelavega<\/h6>\n<\/div><\/div>\n<\/div>\n\n\n\n<div class=\"wp-block-column is-layout-flow wp-block-column-is-layout-flow\">\n<div class=\"wp-block-cover has-cyan-bluish-gray-background-color has-background-dim\" style=\"min-height:110px;aspect-ratio:unset;\"><div class=\"wp-block-cover__inner-container is-layout-flow wp-block-cover-is-layout-flow\">\n<h6 class=\"has-text-align-center wp-block-heading\">Solares<\/h6>\n<\/div><\/div>\n<\/div>\n\n\n\n<div class=\"wp-block-column is-layout-flow wp-block-column-is-layout-flow\">\n<div class=\"wp-block-cover has-cyan-bluish-gray-background-color has-background-dim\" style=\"min-height:110px;aspect-ratio:unset;\"><div class=\"wp-block-cover__inner-container is-layout-flow wp-block-cover-is-layout-flow\">\n<h6 class=\"has-text-align-center wp-block-heading\">Suances<\/h6>\n<\/div><\/div>\n<\/div>\n<\/div>\n\n\n\n<div class=\"wp-block-columns is-layout-flex wp-container-core-columns-is-layout-9d6595d7 wp-block-columns-is-layout-flex\">\n<div class=\"wp-block-column is-layout-flow wp-block-column-is-layout-flow\">\n<div class=\"wp-block-cover has-cyan-bluish-gray-background-color has-background-dim\" style=\"min-height:110px;aspect-ratio:unset;\"><div class=\"wp-block-cover__inner-container is-layout-flow wp-block-cover-is-layout-flow\">\n<h6 class=\"has-text-align-center wp-block-heading\">Pedre\u00f1a<\/h6>\n<\/div><\/div>\n<\/div>\n\n\n\n<div class=\"wp-block-column is-layout-flow wp-block-column-is-layout-flow\">\n<div class=\"wp-block-cover has-cyan-bluish-gray-background-color has-background-dim\" style=\"min-height:110px;aspect-ratio:unset;\"><div class=\"wp-block-cover__inner-container is-layout-flow wp-block-cover-is-layout-flow\">\n<h6 class=\"has-text-align-center wp-block-heading\">Laredo<\/h6>\n<\/div><\/div>\n<\/div>\n\n\n\n<div class=\"wp-block-column is-layout-flow wp-block-column-is-layout-flow\">\n<div class=\"wp-block-cover has-cyan-bluish-gray-background-color has-background-dim\" style=\"min-height:110px;aspect-ratio:unset;\"><div class=\"wp-block-cover__inner-container is-layout-flow wp-block-cover-is-layout-flow\">\n<h6 class=\"has-text-align-center wp-block-heading\">Sar\u00f3n<\/h6>\n<\/div><\/div>\n<\/div>\n<\/div>\n\n\n\n<div style=\"height:100px\" aria-hidden=\"true\" class=\"wp-block-spacer\"><\/div>\n\n\n\n<div class=\"wp-block-cover has-very-light-gray-background-color has-background-dim\" style=\"min-height:216px;aspect-ratio:unset;\"><div class=\"wp-block-cover__inner-container is-layout-flow wp-block-cover-is-layout-flow\">\n<p style=\"font-size:23px\" class=\"has-text-align-center\"><span style=\"color:#313131\" class=\"tadv-color\">Si la localidad que usted busca no se encuentra entre las anteriores, p\u00f3ngase en <a href=\"https:\/\/wa.me\/\/34622622512\/?text=Quiero%20solicitar%20presupuesto%20\" target=\"_blank\" rel=\"noreferrer noopener\">contacto<\/a> con nosotros y le indicaremos si podemos realizar el servicio all\u00ed.<\/span><\/p>\n<\/div><\/div>\n\n\n\n<div style=\"height:100px\" aria-hidden=\"true\" class=\"wp-block-spacer\"><\/div>\n\n\n\n<div class=\"wp-block-media-text alignwide is-stacked-on-mobile\"><figure class=\"wp-block-media-text__media\"><img loading=\"lazy\" decoding=\"async\" width=\"1024\" height=\"660\" src=\"https:\/\/limpiezasbahia.net\/wp-content\/uploads\/2020\/07\/modern-building-against-sky-323780-1024x660.jpg\" alt=\"Limpieza de viviendas\" class=\"wp-image-270\" srcset=\"https:\/\/limpiezasbahia.net\/wp-content\/uploads\/2020\/07\/modern-building-against-sky-323780-1024x660.jpg 1024w, https:\/\/limpiezasbahia.net\/wp-content\/uploads\/2020\/07\/modern-building-against-sky-323780-300x193.jpg 300w, https:\/\/limpiezasbahia.net\/wp-content\/uploads\/2020\/07\/modern-building-against-sky-323780-768x495.jpg 768w, https:\/\/limpiezasbahia.net\/wp-content\/uploads\/2020\/07\/modern-building-against-sky-323780-1536x990.jpg 1536w, https:\/\/limpiezasbahia.net\/wp-content\/uploads\/2020\/07\/modern-building-against-sky-323780-2048x1320.jpg 2048w, https:\/\/limpiezasbahia.net\/wp-content\/uploads\/2020\/07\/modern-building-against-sky-323780-418x269.jpg 418w\" sizes=\"auto, (max-width: 1024px) 100vw, 1024px\" \/><\/figure><div class=\"wp-block-media-text__content\">\n<p class=\"has-text-align-center has-large-font-size\"><div class=\"wpforms-container wpforms-container-full\" id=\"wpforms-449\"><form id=\"wpforms-form-449\" class=\"wpforms-validate wpforms-form\" data-formid=\"449\" method=\"post\" enctype=\"multipart\/form-data\" action=\"\/index.php\/wp-json\/wp\/v2\/pages\/450\" data-token=\"fef47d1055c4752c47e5914f8215cc28\" data-token-time=\"1777689128\"><noscript class=\"wpforms-error-noscript\">Por favor, activa JavaScript en tu navegador para completar este formulario.<\/noscript><div class=\"wpforms-field-container\"><div id=\"wpforms-449-field_3-container\" class=\"wpforms-field wpforms-field-name\" data-field-id=\"3\"><label class=\"wpforms-field-label\">Nombre <span class=\"wpforms-required-label\">*<\/span><\/label><div class=\"wpforms-field-row wpforms-field-medium\"><div class=\"wpforms-field-row-block wpforms-first wpforms-one-half\"><input type=\"text\" id=\"wpforms-449-field_3\" class=\"wpforms-field-name-first wpforms-field-required\" name=\"wpforms[fields][3][first]\" required><label for=\"wpforms-449-field_3\" class=\"wpforms-field-sublabel after\">Nombre<\/label><\/div><div class=\"wpforms-field-row-block wpforms-one-half\"><input type=\"text\" id=\"wpforms-449-field_3-last\" class=\"wpforms-field-name-last wpforms-field-required\" name=\"wpforms[fields][3][last]\" required><label for=\"wpforms-449-field_3-last\" class=\"wpforms-field-sublabel after\">Apellidos<\/label><\/div><\/div><\/div><div id=\"wpforms-449-field_4-container\" class=\"wpforms-field wpforms-field-email\" data-field-id=\"4\"><label class=\"wpforms-field-label\" for=\"wpforms-449-field_4\">Correo electr\u00f3nico <span class=\"wpforms-required-label\">*<\/span><\/label><input type=\"email\" id=\"wpforms-449-field_4\" class=\"wpforms-field-medium wpforms-field-required\" name=\"wpforms[fields][4]\" spellcheck=\"false\" required><\/div><div id=\"wpforms-449-field_5-container\" class=\"wpforms-field wpforms-field-radio\" data-field-id=\"5\"><label class=\"wpforms-field-label\">Seleccione un servicio: <span class=\"wpforms-required-label\">*<\/span><\/label><ul id=\"wpforms-449-field_5\" class=\"wpforms-field-required\"><li class=\"choice-1 depth-1\"><input type=\"radio\" id=\"wpforms-449-field_5_1\" name=\"wpforms[fields][5]\" value=\"Mantenimiento de vivienda\" required ><label class=\"wpforms-field-label-inline\" for=\"wpforms-449-field_5_1\">Mantenimiento de vivienda<\/label><\/li><li class=\"choice-2 depth-1\"><input type=\"radio\" id=\"wpforms-449-field_5_2\" name=\"wpforms[fields][5]\" value=\"Limpieza antes de las vacaciones\" required ><label class=\"wpforms-field-label-inline\" for=\"wpforms-449-field_5_2\">Limpieza antes de las vacaciones<\/label><\/li><li class=\"choice-3 depth-1\"><input type=\"radio\" id=\"wpforms-449-field_5_3\" name=\"wpforms[fields][5]\" value=\"Limpieza despu\u00e9s de las vacaciones\" required ><label class=\"wpforms-field-label-inline\" for=\"wpforms-449-field_5_3\">Limpieza despu\u00e9s de las vacaciones<\/label><\/li><li class=\"choice-4 depth-1\"><input type=\"radio\" id=\"wpforms-449-field_5_4\" name=\"wpforms[fields][5]\" value=\"Limpieza despu\u00e9s de reforma\" required ><label class=\"wpforms-field-label-inline\" for=\"wpforms-449-field_5_4\">Limpieza despu\u00e9s de reforma<\/label><\/li><\/ul><\/div><div id=\"wpforms-449-field_2-container\" class=\"wpforms-field wpforms-field-select wpforms-field-select-style-classic\" data-field-id=\"2\"><label class=\"wpforms-field-label\" for=\"wpforms-449-field_2\">Seleccione una localidad <span class=\"wpforms-required-label\">*<\/span><\/label><select id=\"wpforms-449-field_2\" class=\"wpforms-field-medium wpforms-field-required\" name=\"wpforms[fields][2]\" required=\"required\"><option value=\"Astillero\"  class=\"choice-1 depth-1\"  >Astillero<\/option><option value=\"Bezana\"  class=\"choice-10 depth-1\"  >Bezana<\/option><option value=\"Laredo\"  class=\"choice-9 depth-1\"  >Laredo<\/option><option value=\"Liencres\"  class=\"choice-8 depth-1\"  >Liencres<\/option><option value=\"Malia\u00f1o\"  class=\"choice-7 depth-1\"  >Malia\u00f1o<\/option><option value=\"Miengo\"  class=\"choice-6 depth-1\"  >Miengo<\/option><option value=\"Pedre\u00f1a\"  class=\"choice-5 depth-1\"  >Pedre\u00f1a<\/option><option value=\"Santander\"  class=\"choice-4 depth-1\"  >Santander<\/option><option value=\"Sar\u00f3n\"  class=\"choice-2 depth-1\"  >Sar\u00f3n<\/option><option value=\"Solares\"  class=\"choice-11 depth-1\"  >Solares<\/option><option value=\"Suances\"  class=\"choice-3 depth-1\"  >Suances<\/option><option value=\"Torrelavega \"  class=\"choice-12 depth-1\"  >Torrelavega<\/option><\/select><\/div><div id=\"wpforms-449-field_1-container\" class=\"wpforms-field wpforms-field-textarea\" data-field-id=\"1\"><label class=\"wpforms-field-label\" for=\"wpforms-449-field_1\">\u00bfQu\u00e9 necesita? <span class=\"wpforms-required-label\">*<\/span><\/label><textarea id=\"wpforms-449-field_1\" class=\"wpforms-field-medium wpforms-field-required\" name=\"wpforms[fields][1]\" required><\/textarea><\/div><div id=\"wpforms-449-field_6-container\" class=\"wpforms-field wpforms-field-checkbox\" data-field-id=\"6\"><ul id=\"wpforms-449-field_6\" class=\"wpforms-field-required\"><li class=\"choice-1 depth-1\"><input type=\"checkbox\" id=\"wpforms-449-field_6_1\" name=\"wpforms[fields][6][]\" value=\" Estoy de acuerdo con la pol\u00edtica de privacidad.*\" required ><label class=\"wpforms-field-label-inline\" for=\"wpforms-449-field_6_1\">Estoy de acuerdo con la pol\u00edtica de privacidad.*<\/label><\/li><\/ul><\/div><\/div><!-- .wpforms-field-container --><div class=\"wpforms-field wpforms-field-hp\"><label for=\"wpforms-449-field-hp\" class=\"wpforms-field-label\">Comment<\/label><input type=\"text\" name=\"wpforms[hp]\" id=\"wpforms-449-field-hp\" class=\"wpforms-field-medium\"><\/div><div class=\"wpforms-submit-container\" ><input type=\"hidden\" name=\"wpforms[id]\" value=\"449\"><input type=\"hidden\" name=\"page_title\" value=\"\"><input type=\"hidden\" name=\"page_url\" value=\"https:\/\/limpiezasbahia.net\/index.php\/wp-json\/wp\/v2\/pages\/450\"><input type=\"hidden\" name=\"url_referer\" value=\"\"><button type=\"submit\" name=\"wpforms[submit]\" id=\"wpforms-submit-449\" class=\"wpforms-submit\" data-alt-text=\"Enviando...\" data-submit-text=\"Enviar\" aria-live=\"assertive\" value=\"wpforms-submit\">Enviar<\/button><\/div><\/form><\/div>  <!-- .wpforms-container --><\/p>\n\n\n\n<p>*Los datos ser\u00e1n tratados por el responsable de la web <strong>Limpiezas Bah\u00eda<\/strong>, con la finalidad de establecer contacto y con la legitimaci\u00f3n por parte del cliente.\u00a0<a href=\"https:\/\/obreka.com\/privacidad\/\">Verpol\u00edtica de privacidad<\/a>.<\/p>\n<\/div><\/div>\n\n\n\n<hr class=\"wp-block-separator\"\/>\n","protected":false},"excerpt":{"rendered":"<p>Realizamos&nbsp;mantenimiento&nbsp;de su casa, limpieza de su vivienda&nbsp;antes&nbsp;y&nbsp;despu\u00e9s&nbsp;de las&nbsp;vacaciones&nbsp;y limpiezas despu\u00e9s de una&nbsp;reforma. REALIZAMOS LIMPIEZA DE VIVIENDAS EN LAS SIGUIENTES LOCALIDADES O ZONAS DE CANTABRIA *Los datos ser\u00e1n tratados por el responsable de la web Limpiezas Bah\u00eda, con la finalidad de establecer contacto y con la legitimaci\u00f3n por parte del cliente.\u00a0Verpol\u00edtica de privacidad.<\/p>\n","protected":false},"author":1,"featured_media":0,"parent":0,"menu_order":0,"comment_status":"closed","ping_status":"closed","template":"","meta":{"_joinchat":[],"footnotes":""},"class_list":["post-450","page","type-page","status-publish","hentry","no-thumb"],"yoast_head":"<!-- This site is optimized with the Yoast SEO plugin v27.5 - https:\/\/yoast.com\/product\/yoast-seo-wordpress\/ -->\n<title>Limpieza de viviendas en Cantabria - Limpiezas Bah&iacute;a<\/title>\n<meta name=\"robots\" content=\"index, follow, max-snippet:-1, max-image-preview:large, max-video-preview:-1\" \/>\n<link rel=\"canonical\" href=\"https:\/\/limpiezasbahia.net\/index.php\/cantabria-limpieza-de-viviendas\/\" \/>\n<meta property=\"og:locale\" content=\"es_ES\" \/>\n<meta property=\"og:type\" content=\"article\" \/>\n<meta property=\"og:title\" content=\"Limpieza de viviendas en Cantabria - Limpiezas Bah&iacute;a\" \/>\n<meta property=\"og:description\" content=\"Realizamos&nbsp;mantenimiento&nbsp;de su casa, limpieza de su vivienda&nbsp;antes&nbsp;y&nbsp;despu\u00e9s&nbsp;de las&nbsp;vacaciones&nbsp;y limpiezas despu\u00e9s de una&nbsp;reforma. REALIZAMOS LIMPIEZA DE VIVIENDAS EN LAS SIGUIENTES LOCALIDADES O ZONAS DE CANTABRIA *Los datos ser\u00e1n tratados por el responsable de la web Limpiezas Bah\u00eda, con la finalidad de establecer contacto y con la legitimaci\u00f3n por parte del cliente.\u00a0Verpol\u00edtica de privacidad.\" \/>\n<meta property=\"og:url\" content=\"https:\/\/limpiezasbahia.net\/index.php\/cantabria-limpieza-de-viviendas\/\" \/>\n<meta property=\"og:site_name\" content=\"Limpiezas Bah&iacute;a\" \/>\n<meta property=\"article:modified_time\" content=\"2020-08-06T16:03:02+00:00\" \/>\n<meta property=\"og:image\" content=\"https:\/\/limpiezasbahia.net\/wp-content\/uploads\/2020\/07\/modern-building-against-sky-323780-1024x660.jpg\" \/>\n<meta name=\"twitter:card\" content=\"summary_large_image\" \/>\n<meta name=\"twitter:label1\" content=\"Tiempo de lectura\" \/>\n\t<meta name=\"twitter:data1\" content=\"1 minuto\" \/>\n<script type=\"application\/ld+json\" class=\"yoast-schema-graph\">{\"@context\":\"https:\\\/\\\/schema.org\",\"@graph\":[{\"@type\":\"WebPage\",\"@id\":\"https:\\\/\\\/limpiezasbahia.net\\\/index.php\\\/cantabria-limpieza-de-viviendas\\\/\",\"url\":\"https:\\\/\\\/limpiezasbahia.net\\\/index.php\\\/cantabria-limpieza-de-viviendas\\\/\",\"name\":\"Limpieza de viviendas en Cantabria - Limpiezas Bah&iacute;a\",\"isPartOf\":{\"@id\":\"https:\\\/\\\/limpiezasbahia.net\\\/#website\"},\"primaryImageOfPage\":{\"@id\":\"https:\\\/\\\/limpiezasbahia.net\\\/index.php\\\/cantabria-limpieza-de-viviendas\\\/#primaryimage\"},\"image\":{\"@id\":\"https:\\\/\\\/limpiezasbahia.net\\\/index.php\\\/cantabria-limpieza-de-viviendas\\\/#primaryimage\"},\"thumbnailUrl\":\"https:\\\/\\\/limpiezasbahia.net\\\/wp-content\\\/uploads\\\/2020\\\/07\\\/modern-building-against-sky-323780-1024x660.jpg\",\"datePublished\":\"2020-07-29T09:29:23+00:00\",\"dateModified\":\"2020-08-06T16:03:02+00:00\",\"breadcrumb\":{\"@id\":\"https:\\\/\\\/limpiezasbahia.net\\\/index.php\\\/cantabria-limpieza-de-viviendas\\\/#breadcrumb\"},\"inLanguage\":\"es\",\"potentialAction\":[{\"@type\":\"ReadAction\",\"target\":[\"https:\\\/\\\/limpiezasbahia.net\\\/index.php\\\/cantabria-limpieza-de-viviendas\\\/\"]}]},{\"@type\":\"ImageObject\",\"inLanguage\":\"es\",\"@id\":\"https:\\\/\\\/limpiezasbahia.net\\\/index.php\\\/cantabria-limpieza-de-viviendas\\\/#primaryimage\",\"url\":\"https:\\\/\\\/limpiezasbahia.net\\\/wp-content\\\/uploads\\\/2020\\\/07\\\/modern-building-against-sky-323780-scaled.jpg\",\"contentUrl\":\"https:\\\/\\\/limpiezasbahia.net\\\/wp-content\\\/uploads\\\/2020\\\/07\\\/modern-building-against-sky-323780-scaled.jpg\",\"width\":2560,\"height\":1650,\"caption\":\"Limpieza de viviendas\"},{\"@type\":\"BreadcrumbList\",\"@id\":\"https:\\\/\\\/limpiezasbahia.net\\\/index.php\\\/cantabria-limpieza-de-viviendas\\\/#breadcrumb\",\"itemListElement\":[{\"@type\":\"ListItem\",\"position\":1,\"name\":\"Portada\",\"item\":\"https:\\\/\\\/limpiezasbahia.net\\\/\"},{\"@type\":\"ListItem\",\"position\":2,\"name\":\"Limpieza de viviendas en Cantabria\"}]},{\"@type\":\"WebSite\",\"@id\":\"https:\\\/\\\/limpiezasbahia.net\\\/#website\",\"url\":\"https:\\\/\\\/limpiezasbahia.net\\\/\",\"name\":\"Limpiezas Bah&iacute;a\",\"description\":\"Servicios de limpieza\",\"potentialAction\":[{\"@type\":\"SearchAction\",\"target\":{\"@type\":\"EntryPoint\",\"urlTemplate\":\"https:\\\/\\\/limpiezasbahia.net\\\/?s={search_term_string}\"},\"query-input\":{\"@type\":\"PropertyValueSpecification\",\"valueRequired\":true,\"valueName\":\"search_term_string\"}}],\"inLanguage\":\"es\"}]}<\/script>\n<!-- \/ Yoast SEO plugin. -->","yoast_head_json":{"title":"Limpieza de viviendas en Cantabria - Limpiezas Bah&iacute;a","robots":{"index":"index","follow":"follow","max-snippet":"max-snippet:-1","max-image-preview":"max-image-preview:large","max-video-preview":"max-video-preview:-1"},"canonical":"https:\/\/limpiezasbahia.net\/index.php\/cantabria-limpieza-de-viviendas\/","og_locale":"es_ES","og_type":"article","og_title":"Limpieza de viviendas en Cantabria - Limpiezas Bah&iacute;a","og_description":"Realizamos&nbsp;mantenimiento&nbsp;de su casa, limpieza de su vivienda&nbsp;antes&nbsp;y&nbsp;despu\u00e9s&nbsp;de las&nbsp;vacaciones&nbsp;y limpiezas despu\u00e9s de una&nbsp;reforma. REALIZAMOS LIMPIEZA DE VIVIENDAS EN LAS SIGUIENTES LOCALIDADES O ZONAS DE CANTABRIA *Los datos ser\u00e1n tratados por el responsable de la web Limpiezas Bah\u00eda, con la finalidad de establecer contacto y con la legitimaci\u00f3n por parte del cliente.\u00a0Verpol\u00edtica de privacidad.","og_url":"https:\/\/limpiezasbahia.net\/index.php\/cantabria-limpieza-de-viviendas\/","og_site_name":"Limpiezas Bah&iacute;a","article_modified_time":"2020-08-06T16:03:02+00:00","og_image":[{"url":"https:\/\/limpiezasbahia.net\/wp-content\/uploads\/2020\/07\/modern-building-against-sky-323780-1024x660.jpg","type":"","width":"","height":""}],"twitter_card":"summary_large_image","twitter_misc":{"Tiempo de lectura":"1 minuto"},"schema":{"@context":"https:\/\/schema.org","@graph":[{"@type":"WebPage","@id":"https:\/\/limpiezasbahia.net\/index.php\/cantabria-limpieza-de-viviendas\/","url":"https:\/\/limpiezasbahia.net\/index.php\/cantabria-limpieza-de-viviendas\/","name":"Limpieza de viviendas en Cantabria - Limpiezas Bah&iacute;a","isPartOf":{"@id":"https:\/\/limpiezasbahia.net\/#website"},"primaryImageOfPage":{"@id":"https:\/\/limpiezasbahia.net\/index.php\/cantabria-limpieza-de-viviendas\/#primaryimage"},"image":{"@id":"https:\/\/limpiezasbahia.net\/index.php\/cantabria-limpieza-de-viviendas\/#primaryimage"},"thumbnailUrl":"https:\/\/limpiezasbahia.net\/wp-content\/uploads\/2020\/07\/modern-building-against-sky-323780-1024x660.jpg","datePublished":"2020-07-29T09:29:23+00:00","dateModified":"2020-08-06T16:03:02+00:00","breadcrumb":{"@id":"https:\/\/limpiezasbahia.net\/index.php\/cantabria-limpieza-de-viviendas\/#breadcrumb"},"inLanguage":"es","potentialAction":[{"@type":"ReadAction","target":["https:\/\/limpiezasbahia.net\/index.php\/cantabria-limpieza-de-viviendas\/"]}]},{"@type":"ImageObject","inLanguage":"es","@id":"https:\/\/limpiezasbahia.net\/index.php\/cantabria-limpieza-de-viviendas\/#primaryimage","url":"https:\/\/limpiezasbahia.net\/wp-content\/uploads\/2020\/07\/modern-building-against-sky-323780-scaled.jpg","contentUrl":"https:\/\/limpiezasbahia.net\/wp-content\/uploads\/2020\/07\/modern-building-against-sky-323780-scaled.jpg","width":2560,"height":1650,"caption":"Limpieza de viviendas"},{"@type":"BreadcrumbList","@id":"https:\/\/limpiezasbahia.net\/index.php\/cantabria-limpieza-de-viviendas\/#breadcrumb","itemListElement":[{"@type":"ListItem","position":1,"name":"Portada","item":"https:\/\/limpiezasbahia.net\/"},{"@type":"ListItem","position":2,"name":"Limpieza de viviendas en Cantabria"}]},{"@type":"WebSite","@id":"https:\/\/limpiezasbahia.net\/#website","url":"https:\/\/limpiezasbahia.net\/","name":"Limpiezas Bah&iacute;a","description":"Servicios de limpieza","potentialAction":[{"@type":"SearchAction","target":{"@type":"EntryPoint","urlTemplate":"https:\/\/limpiezasbahia.net\/?s={search_term_string}"},"query-input":{"@type":"PropertyValueSpecification","valueRequired":true,"valueName":"search_term_string"}}],"inLanguage":"es"}]}},"_links":{"self":[{"href":"https:\/\/limpiezasbahia.net\/index.php\/wp-json\/wp\/v2\/pages\/450","targetHints":{"allow":["GET"]}}],"collection":[{"href":"https:\/\/limpiezasbahia.net\/index.php\/wp-json\/wp\/v2\/pages"}],"about":[{"href":"https:\/\/limpiezasbahia.net\/index.php\/wp-json\/wp\/v2\/types\/page"}],"author":[{"embeddable":true,"href":"https:\/\/limpiezasbahia.net\/index.php\/wp-json\/wp\/v2\/users\/1"}],"replies":[{"embeddable":true,"href":"https:\/\/limpiezasbahia.net\/index.php\/wp-json\/wp\/v2\/comments?post=450"}],"version-history":[{"count":5,"href":"https:\/\/limpiezasbahia.net\/index.php\/wp-json\/wp\/v2\/pages\/450\/revisions"}],"predecessor-version":[{"id":605,"href":"https:\/\/limpiezasbahia.net\/index.php\/wp-json\/wp\/v2\/pages\/450\/revisions\/605"}],"wp:attachment":[{"href":"https:\/\/limpiezasbahia.net\/index.php\/wp-json\/wp\/v2\/media?parent=450"}],"curies":[{"name":"wp","href":"https:\/\/api.w.org\/{rel}","templated":true}]}}